{"id":3336,"date":"2018-06-14T10:13:38","date_gmt":"2018-06-14T10:13:38","guid":{"rendered":"http:\/\/www.framezero.es\/avis-legal\/"},"modified":"2019-12-03T09:57:14","modified_gmt":"2019-12-03T09:57:14","slug":"avis-legal","status":"publish","type":"page","link":"https:\/\/www.framezero.es\/ca\/avis-legal\/","title":{"rendered":"Av\u00eds Legal"},"content":{"rendered":"<div class=\"wpb-content-wrapper\"><p>[vc_row][vc_column][rs_space height=&#8221;80px&#8221;][vc_column_text]<\/p>\n<h2>Av\u00eds Legal<\/h2>\n<p>FRAME ZERO SL, Inscrita al Registre Mercantil de Barcelona, Foli 187, Tom 30935, Full B181406, Inscripci\u00f3 1\u00ba, NIF B61736633<\/p>\n<p><small>Responsable: Cristina Girones Salvo &#8211; NIF: B61736633. Dir. Postal: Carrer Berl\u00edn 67, 1r A 08029 BARCELONA. Tel\u00e8fon: +34 93 481 57 37 Correu electr\u00f2nic: framezero@framezero.es. &#8220;En nom de l&#8217;empresa tractem la informaci\u00f3 que ens facilita per tal d&#8217;enviar-li publicitat relacionada amb els nostres productes i serveis per qualsevol mitj\u00e0 (postal, correu electr\u00f2nic o tel\u00e8fon) i convidar-lo a esdeveniments organitzats per l&#8217;empresa. Les dades proporcionades es conservaran mentre no sol\u00b7liciti el cessament de l&#8217;activitat. Les dades no se cediran a tercers excepte en els casos en qu\u00e8 hi hagi una obligaci\u00f3 legal. Vost\u00e8 t\u00e9 dret a obtenir confirmaci\u00f3 sobre si en Framezero estem tractant les seves dades personals per tant t\u00e9 dret a accedir a les seves dades personals, rectificar les dades inexacte o sol\u00b7licitar la seva supressi\u00f3 quan les dades ja no siguin necessaris per als fins que van ser recollits &#8220;.<\/small>[\/vc_column_text][\/vc_column][\/vc_row]<\/p>\n<\/div>","protected":false},"excerpt":{"rendered":"<p>[vc_row][vc_column][rs_space height=&#8221;80px&#8221;][vc_column_text] Av\u00eds Legal FRAME ZERO SL, Inscrita al Registre Mercantil de Barcelona, Foli 187, Tom 30935, Full B181406, Inscripci\u00f3 1\u00ba, NIF B61736633 Responsable: Cristina Girones Salvo &#8211; NIF: B61736633. Dir. Postal: Carrer Berl\u00edn 67, 1r A 08029 BARCELONA. Tel\u00e8fon: +34 93 481 57 37 Correu electr\u00f2nic: framezero@framezero.es. &#8220;En nom de l&#8217;empresa tractem la informaci\u00f3 [&hellip;]<\/p>\n","protected":false},"author":1,"featured_media":0,"parent":0,"menu_order":0,"comment_status":"open","ping_status":"open","template":"","meta":{"footnotes":""},"_links":{"self":[{"href":"https:\/\/www.framezero.es\/ca\/wp-json\/wp\/v2\/pages\/3336"}],"collection":[{"href":"https:\/\/www.framezero.es\/ca\/wp-json\/wp\/v2\/pages"}],"about":[{"href":"https:\/\/www.framezero.es\/ca\/wp-json\/wp\/v2\/types\/page"}],"author":[{"embeddable":true,"href":"https:\/\/www.framezero.es\/ca\/wp-json\/wp\/v2\/users\/1"}],"replies":[{"embeddable":true,"href":"https:\/\/www.framezero.es\/ca\/wp-json\/wp\/v2\/comments?post=3336"}],"version-history":[{"count":3,"href":"https:\/\/www.framezero.es\/ca\/wp-json\/wp\/v2\/pages\/3336\/revisions"}],"predecessor-version":[{"id":3353,"href":"https:\/\/www.framezero.es\/ca\/wp-json\/wp\/v2\/pages\/3336\/revisions\/3353"}],"wp:attachment":[{"href":"https:\/\/www.framezero.es\/ca\/wp-json\/wp\/v2\/media?parent=3336"}],"curies":[{"name":"wp","href":"https:\/\/api.w.org\/{rel}","templated":true}]}}