{"id":5752,"date":"2024-03-19T10:29:51","date_gmt":"2024-03-19T10:29:51","guid":{"rendered":"https:\/\/www.framezero.es\/works-framezero\/"},"modified":"2024-03-25T11:20:37","modified_gmt":"2024-03-25T11:20:37","slug":"works-framezero","status":"publish","type":"page","link":"https:\/\/www.framezero.es\/en\/works-framezero\/","title":{"rendered":"works framezero"},"content":{"rendered":"<div class=\"wpb-content-wrapper\"><p>[vc_row][vc_column]<div class=\"ult-spacer spacer-69deda77a5019\" data-id=\"69deda77a5019\" data-height=\"80\" data-height-mobile=\"40\" data-height-tab=\"\" data-height-tab-portrait=\"40\" data-height-mobile-landscape=\"20\" style=\"clear:both;display:block;\"><\/div><div class=\"ult-spacer spacer-69deda77a5032\" data-id=\"69deda77a5032\" data-height=\"40\" data-height-mobile=\"40\" data-height-tab=\"\" data-height-tab-portrait=\"40\" data-height-mobile-landscape=\"20\" style=\"clear:both;display:block;\"><\/div>[\/vc_column][\/vc_row][vc_row css_animation=&#8221;fadeInUpShort&#8221;][vc_column][vc_custom_heading text=&#8221;WORKS&#8221; font_container=&#8221;tag:h3|text_align:center&#8221; use_theme_fonts=&#8221;yes&#8221;]<div class=\"ult-spacer spacer-69deda77a503f\" data-id=\"69deda77a503f\" data-height=\"60\" data-height-mobile=\"20\" data-height-tab=\"\" data-height-tab-portrait=\"40\" data-height-mobile-landscape=\"20\" style=\"clear:both;display:block;\"><\/div>[vc_row_inner][vc_column_inner width=&#8221;1\/6&#8243;][\/vc_column_inner][vc_column_inner width=&#8221;2\/3&#8243;][vc_custom_heading text=&#8221;&#8221; font_container=&#8221;tag:p|text_align:center&#8221; use_theme_fonts=&#8221;yes&#8221; css=&#8221;.vc_custom_1710349135531{margin-top: -10px !important;}&#8221;][\/vc_column_inner][vc_column_inner width=&#8221;1\/6&#8243;][\/vc_column_inner][\/vc_row_inner][vc_empty_space height=&#8221;50px&#8221;][\/vc_column][\/vc_row][vc_row css_animation=&#8221;fadeIn&#8221;][vc_column][vc_row_inner][vc_column_inner]<style type='text\/css'>#cbpw-wrap115 {margin:0px 0px 0px 0px;}#cbpw-grid115 .cbp-l-caption-title {color:#000000;background-color:transparent;font-size:17px;font-family:Open Sans;font-weight:400;font-style:normal;line-height:21px;text-align:center;padding:0px 0px 0px 0px;margin:0px 0px 0px 0px;text-transform:uppercase;}#cbpw-grid115 .cbp-l-caption-desc {color:#000000;background-color:transparent;font-size:14px;font-family:Open Sans;font-weight:400;font-style:normal;line-height:16px;text-align:center;padding:4px 0px 0px 0px;margin:0px 0px 0px 0px;text-transform:uppercase;}#cbpw-grid115 .cbp-caption-activeWrap {background-color:rgba(250,250,250, .9);}#cbpw-filters115 .cbp-filter-item {background-color:transparent;border-width:0px;border-style:none;border-color:transparent;border-radius:0;color:#111;font-size:13px;font-family:Open Sans,sans-serif;font-weight:400;font-style:normal;line-height:21px;margin:0px 27px 0px 27px;padding:0px 0px 0px 0px;text-transform:uppercase;}#cbpw-filters115 .cbp-filter-item:hover {background-color:transparent;border-width:0px;border-style:none;border-color:transparent;border-radius:0;color:#111;font-size:13px;font-family:Open Sans,sans-serif;font-weight:400;font-style:normal;line-height:21px;margin:0px 27px 0px 27px;padding:0px 0px 0px 0px;text-transform:uppercase;}#cbpw-filters115 .cbp-filter-item.cbp-filter-item-active {background-color:transparent;border-width:0px;border-style:none;border-color:transparent;border-radius:0;color:#111;font-size:13px;font-family:Open Sans,sans-serif;font-weight:400;font-style:normal;line-height:21px;margin:0px 27px 0px 27px;padding:0px 0px 0px 0px;text-transform:uppercase;}#cbpw-filters115 .cbp-filter-item.cbp-filter-item-active:hover {background-color:transparent;border-width:0px;border-style:none;border-color:transparent;border-radius:0;color:#111;font-size:13px;font-family:Open Sans,sans-serif;font-weight:400;font-style:normal;line-height:21px;margin:0px 27px 0px 27px;padding:0px 0px 0px 0px;text-transform:uppercase;}#cbpw-filters115 .cbp-filter-counter {background-color:#626161;color:#fff;font-size:11px;font-family:Open Sans,sans-serif;font-weight:400;font-style:normal;line-height:18px;padding:4px 0px 4px 0px;}#cbpw-filters115 .cbp-filter-counter:after {border-color:#626161 transparent;}#cbpw-loadMore115 .cbp-l-loadMore-link {color:#151515;background-color:transparent;border-width:1px 1px 1px 1px;border-style:solid;border-color:#151515;font-size:14px;font-family:Open Sans,sans-serif;font-weight:400;font-style:normal;line-height:34px;text-align:center;padding:5px 40px 5px 40px;margin:40px 0px 0px 0px;text-transform:none;}#cbpw-loadMore115 .cbp-l-loadMore-link:hover {color:#ffffff;background-color:#000000;border-width:1px 1px 1px 1px;border-style:solid;border-color:#000000;font-size:14px;font-family:Open Sans,sans-serif;font-weight:400;font-style:normal;line-height:34px;text-align:center;padding:5px 40px 5px 40px;margin:40px 0px 0px 0px;text-transform:none;}#cbpw-loadMore115 .cbp-l-loadMore-loading {color:#151515;background-color:transparent;border-width:1px 1px 1px 1px;border-style:solid;border-color:#151515;font-size:14px;font-family:Open Sans,sans-serif;font-weight:400;font-style:normal;line-height:34px;text-align:center;padding:5px 40px 5px 40px;margin:40px 0px 0px 0px;text-transform:none;}#cbpw-loadMore115 .cbp-l-loadMore-loading:hover {color:#ffffff;background-color:#000000;border-width:1px 1px 1px 1px;border-style:solid;border-color:#000000;font-size:14px;font-family:Open Sans,sans-serif;font-weight:400;font-style:normal;line-height:34px;text-align:center;padding:5px 40px 5px 40px;margin:40px 0px 0px 0px;text-transform:none;}#cbpw-loadMore115 .cbp-l-loadMore-stop {color:#B0B0B0;background-color:transparent;border-width:1px 1px 1px 1px;border-style:solid;border-color:#DEDEDE;font-size:12px;font-family:Open Sans,sans-serif;font-weight:400;font-style:normal;line-height:34px;text-align:center;padding:5px 40px 5px 40px;margin:40px 0px 0px 0px;text-transform:none;}#cbpw-loadMore115 .cbp-l-loadMore-stop:hover {color:#B0B0B0;background-color:transparent;border-width:1px 1px 1px 1px;border-style:solid;border-color:#DEDEDE;font-size:12px;font-family:Open Sans,sans-serif;font-weight:400;font-style:normal;line-height:34px;text-align:center;padding:5px 40px 5px 40px;margin:40px 0px 0px 0px;text-transform:none;}#cbpw-singlePage115 .cbp-popup-navigation-wrap {background-color:#34425C;}#cbpw-singlePage115 .cbp-popup-singlePage-counter {color:#bbc0df;font-size:13px;font-family:Open Sans;font-weight:400;font-style:normal;}<\/style><link rel=\"stylesheet\" href=\"\/\/fonts.googleapis.com\/css?family=Open+Sans:400normal\" type=\"text\/css\" media=\"all\" property=\"stylesheet\"><div class=\"cbpw-fullWidth-force\"><div id=\"cbpw-wrap115\"><div id=\"cbpw-filters115\" class=\"cbp-l-filters-alignCenter\"><div data-filter=\"*\" class=\"cbp-filter-item cbp-filter-item-active\">All Works<div class=\"cbp-filter-counter-wrap\"><div class=\"cbp-filter-counter\"><\/div><\/div><\/div>\n\/<div data-filter=\".documental\" class=\"cbp-filter-item\">DOCUMENTAL<div class=\"cbp-filter-counter-wrap\"><div class=\"cbp-filter-counter\"><\/div><\/div><\/div>\n\/<div data-filter=\".spot\" class=\"cbp-filter-item\">SPOT<div class=\"cbp-filter-counter-wrap\"><div class=\"cbp-filter-counter\"><\/div><\/div><\/div>\n\/<div data-filter=\".motiongraphics\" class=\"cbp-filter-item\">MOTION GRAPHICS<div class=\"cbp-filter-counter-wrap\"><div class=\"cbp-filter-counter\"><\/div><\/div><\/div>\n\/<div data-filter=\".videocorporativo\" class=\"cbp-filter-item\">VIDEO CORPORATIVO<div class=\"cbp-filter-counter-wrap\"><div class=\"cbp-filter-counter\"><\/div><\/div><\/div>\n\/<div data-filter=\".branding\" class=\"cbp-filter-item\">Branding<div class=\"cbp-filter-counter-wrap\"><div class=\"cbp-filter-counter\"><\/div><\/div><\/div>\n<\/div><div id=\"cbpw-grid115\" class=\"cbp-l-grid-fullScreen cbp inner-text\"><div><div class=\"des-project cbp-item spot container\"> <a href=\"\/\/www.vimeo.com\/255387303\" class=\"cbp-caption cbp-lightbox\" data-title=\"APPLEPAY \u2013 CAIXABANK \"> <div class=\"cbp-caption-defaultWrap\"> <img decoding=\"async\" src=\"\/\/www.framezero.es\/wp-content\/uploads\/2024\/03\/APPLEPAY_CAIXABANK_.jpg\" alt=\"\" width=\"100%\"> <\/div> <div class=\"cbp-caption-activeWrap\"> <div class=\"cbp-l-caption-alignLeft\"> <div class=\"cbp-l-caption-body\"> <div class=\"cbp-l-caption-title\">APPLEPAY \u2013 CAIXABANK<\/div> <div class=\"cbp-l-caption-desc\"> <\/div> <\/div> <\/div> <\/div> <\/a> <\/div><div class=\"des-project cbp-item spot container\"> <a href=\"\/\/www.youtube.com\/watch?v=216851129\" class=\"cbp-caption cbp-lightbox\" data-title=\"NING\u00daN NI\u00d1O SIN BIGOTE \u2013 Obra Social \u201cla Caixa\u201d \"> <div class=\"cbp-caption-defaultWrap\"> <img decoding=\"async\" src=\"\/\/www.framezero.es\/wp-content\/uploads\/2017\/06\/leche.jpg\" alt=\"\" width=\"100%\"> <\/div> <div class=\"cbp-caption-activeWrap\"> <div class=\"cbp-l-caption-alignLeft\"> <div class=\"cbp-l-caption-body\"> <div class=\"cbp-l-caption-title\">NING\u00daN NI\u00d1O SIN BIGOTE \u2013 Obra Social \u201cla Caixa\u201d<\/div> <div class=\"cbp-l-caption-desc\"> <\/div> <\/div> <\/div> <\/div> <\/a> <\/div><div class=\"des-project cbp-item spot container\"> <a href=\"\/\/www.vimeo.com\/209714853\" class=\"cbp-caption cbp-lightbox\" data-title=\"PROGRAMA EMPLEO JOVE \u2013 Fundaci\u00f3n bancaria \u201cla Caixa\u201d \"> <div class=\"cbp-caption-defaultWrap\"> <img decoding=\"async\" src=\"\/\/www.framezero.es\/wp-content\/uploads\/2017\/06\/WinWin.jpg\" alt=\"\" width=\"100%\"> <\/div> <div class=\"cbp-caption-activeWrap\"> <div class=\"cbp-l-caption-alignLeft\"> <div class=\"cbp-l-caption-body\"> <div class=\"cbp-l-caption-title\">PROGRAMA EMPLEO JOVE \u2013 Fundaci\u00f3n bancaria \u201cla Caixa\u201d<\/div> <div class=\"cbp-l-caption-desc\"> <\/div> <\/div> <\/div> <\/div> <\/a> <\/div><div class=\"des-project cbp-item spot container\"> <a href=\"\/\/www.vimeo.com\/115249014\" class=\"cbp-caption cbp-lightbox\" data-title=\"DESPIDETE DEL FR\u00cdO \u2013 Supafil \"> <div class=\"cbp-caption-defaultWrap\"> <img decoding=\"async\" src=\"\/\/www.framezero.es\/wp-content\/uploads\/2017\/06\/supafil.jpg\" alt=\"\" width=\"100%\"> <\/div> <div class=\"cbp-caption-activeWrap\"> <div class=\"cbp-l-caption-alignLeft\"> <div class=\"cbp-l-caption-body\"> <div class=\"cbp-l-caption-title\">DESPIDETE DEL FR\u00cdO \u2013 Supafil<\/div> <div class=\"cbp-l-caption-desc\"> <\/div> <\/div> <\/div> <\/div> <\/a> <\/div><div class=\"des-project cbp-item spot container\"> <a href=\"\/\/www.vimeo.com\/209589743\" class=\"cbp-caption cbp-lightbox\" data-title=\"FUNDACI\u00d3N PASQUAL MARAGALL \"> <div class=\"cbp-caption-defaultWrap\"> <img decoding=\"async\" src=\"\/\/www.framezero.es\/wp-content\/uploads\/2017\/06\/maragall.jpg\" alt=\"\" width=\"100%\"> <\/div> <div class=\"cbp-caption-activeWrap\"> <div class=\"cbp-l-caption-alignLeft\"> <div class=\"cbp-l-caption-body\"> <div class=\"cbp-l-caption-title\">FUNDACI\u00d3N PASQUAL MARAGALL<\/div> <div class=\"cbp-l-caption-desc\"> <\/div> <\/div> <\/div> <\/div> <\/a> <\/div><div class=\"des-project cbp-item spot container\"> <a href=\"\/\/www.vimeo.com\/210267901\" class=\"cbp-caption cbp-lightbox\" data-title=\"COMPROMETIDOS CON CANARIAS \u2013 Obra Social \u201cla Caixa\u201d \"> <div class=\"cbp-caption-defaultWrap\"> <img decoding=\"async\" src=\"\/\/www.framezero.es\/wp-content\/uploads\/2017\/06\/canarias.jpg\" alt=\"\" width=\"100%\"> <\/div> <div class=\"cbp-caption-activeWrap\"> <div class=\"cbp-l-caption-alignLeft\"> <div class=\"cbp-l-caption-body\"> <div class=\"cbp-l-caption-title\">COMPROMETIDOS CON CANARIAS \u2013 Obra Social \u201cla Caixa\u201d<\/div> <div class=\"cbp-l-caption-desc\"> <\/div> <\/div> <\/div> <\/div> <\/a> <\/div><div class=\"des-project cbp-item spot container\"> <a href=\"\/\/www.vimeo.com\/222665421\" class=\"cbp-caption cbp-lightbox\" data-title=\"VINE A LA CURSA \u2013 El Corte Ingl\u00e9s \"> <div class=\"cbp-caption-defaultWrap\"> <img decoding=\"async\" src=\"\/\/www.framezero.es\/wp-content\/uploads\/2017\/06\/corte.jpg\" alt=\"\" width=\"100%\"> <\/div> <div class=\"cbp-caption-activeWrap\"> <div class=\"cbp-l-caption-alignLeft\"> <div class=\"cbp-l-caption-body\"> <div class=\"cbp-l-caption-title\">VINE A LA CURSA \u2013 El Corte Ingl\u00e9s<\/div> <div class=\"cbp-l-caption-desc\"> <\/div> <\/div> <\/div> <\/div> <\/a> <\/div><div class=\"des-project cbp-item spot container\"> <a href=\"\/\/www.vimeo.com\/209589522\" class=\"cbp-caption cbp-lightbox\" data-title=\"IMPRESCINDIBLES \u2013 Obra Social \u201cla Caixa\u201d \"> <div class=\"cbp-caption-defaultWrap\"> <img decoding=\"async\" src=\"\/\/www.framezero.es\/wp-content\/uploads\/2017\/07\/imprescindibles.jpg\" alt=\"\" width=\"100%\"> <\/div> <div class=\"cbp-caption-activeWrap\"> <div class=\"cbp-l-caption-alignLeft\"> <div class=\"cbp-l-caption-body\"> <div class=\"cbp-l-caption-title\">IMPRESCINDIBLES \u2013 Obra Social \u201cla Caixa\u201d<\/div> <div class=\"cbp-l-caption-desc\"> <\/div> <\/div> <\/div> <\/div> <\/a> <\/div><div class=\"des-project cbp-item motiongraphics container\"> <a href=\"\/\/www.vimeo.com\/235558661\" class=\"cbp-caption cbp-lightbox\" data-title=\"MOTION GRAPHICS \"> <div class=\"cbp-caption-defaultWrap\"> <img decoding=\"async\" src=\"\/\/www.framezero.es\/wp-content\/uploads\/2017\/09\/Motion-2-1.jpg\" alt=\"\" width=\"100%\"> <\/div> <div class=\"cbp-caption-activeWrap\"> <div class=\"cbp-l-caption-alignLeft\"> <div class=\"cbp-l-caption-body\"> <div class=\"cbp-l-caption-title\">MOTION GRAPHICS<\/div> <div class=\"cbp-l-caption-desc\"> <\/div> <\/div> <\/div> <\/div> <\/a> <\/div><div class=\"des-project cbp-item videocorporativo container\"> <a href=\"\/\/www.vimeo.com\/222662013\" class=\"cbp-caption cbp-lightbox\" data-title=\"NUEVA PROMOCI\u00d3N \u2013 Nu\u00f1ez y Navarro \"> <div class=\"cbp-caption-defaultWrap\"> <img decoding=\"async\" src=\"\/\/www.framezero.es\/wp-content\/uploads\/2017\/06\/nin.jpg\" alt=\"\" width=\"100%\"> <\/div> <div class=\"cbp-caption-activeWrap\"> <div class=\"cbp-l-caption-alignLeft\"> <div class=\"cbp-l-caption-body\"> <div class=\"cbp-l-caption-title\">NUEVA PROMOCI\u00d3N \u2013 Nu\u00f1ez y Navarro<\/div> <div class=\"cbp-l-caption-desc\"> <\/div> <\/div> <\/div> <\/div> <\/a> <\/div><div class=\"des-project cbp-item spot container\"> <a href=\"\/\/www.vimeo.com\/209728243\" class=\"cbp-caption cbp-lightbox\" data-title=\"FELIZ NAVIDAD \u2013 Obra social \u201cla Caixa\u201d \"> <div class=\"cbp-caption-defaultWrap\"> <img decoding=\"async\" src=\"\/\/www.framezero.es\/wp-content\/uploads\/2017\/06\/nadala.jpg\" alt=\"\" width=\"100%\"> <\/div> <div class=\"cbp-caption-activeWrap\"> <div class=\"cbp-l-caption-alignLeft\"> <div class=\"cbp-l-caption-body\"> <div class=\"cbp-l-caption-title\">FELIZ NAVIDAD \u2013 Obra social \u201cla Caixa\u201d<\/div> <div class=\"cbp-l-caption-desc\"> <\/div> <\/div> <\/div> <\/div> <\/a> <\/div><div class=\"des-project cbp-item videocorporativo container\"> <a href=\"\/\/www.vimeo.com\/222660653\" class=\"cbp-caption cbp-lightbox\" data-title=\"Wellcome IBEC \u2013 IBEC \"> <div class=\"cbp-caption-defaultWrap\"> <img decoding=\"async\" src=\"\/\/www.framezero.es\/wp-content\/uploads\/2017\/06\/IBEC.jpg\" alt=\"\" width=\"100%\"> <\/div> <div class=\"cbp-caption-activeWrap\"> <div class=\"cbp-l-caption-alignLeft\"> <div class=\"cbp-l-caption-body\"> <div class=\"cbp-l-caption-title\">Wellcome IBEC \u2013 IBEC<\/div> <div class=\"cbp-l-caption-desc\"> <\/div> <\/div> <\/div> <\/div> <\/a> <\/div><div class=\"des-project cbp-item motiongraphics container\"> <a href=\"\/\/www.vimeo.com\/226128760\" class=\"cbp-caption cbp-lightbox\" data-title=\"CLINICA ONLINE \u2013 Mutua Universal \"> <div class=\"cbp-caption-defaultWrap\"> <img decoding=\"async\" src=\"\/\/www.framezero.es\/wp-content\/uploads\/2017\/07\/clinica.jpg\" alt=\"\" width=\"100%\"> <\/div> <div class=\"cbp-caption-activeWrap\"> <div class=\"cbp-l-caption-alignLeft\"> <div class=\"cbp-l-caption-body\"> <div class=\"cbp-l-caption-title\">CLINICA ONLINE \u2013 Mutua Universal<\/div> <div class=\"cbp-l-caption-desc\"> <\/div> <\/div> <\/div> <\/div> <\/a> <\/div><div class=\"des-project cbp-item videocorporativo container\"> <a href=\"\/\/www.vimeo.com\/222661042\" class=\"cbp-caption cbp-lightbox\" data-title=\"CARLOS LE\u00d3N \u2013 Fundaci\u00f3n Arte y Mecenazgo \"> <div class=\"cbp-caption-defaultWrap\"> <img decoding=\"async\" src=\"\/\/www.framezero.es\/wp-content\/uploads\/2017\/06\/arte.jpg\" alt=\"\" width=\"100%\"> <\/div> <div class=\"cbp-caption-activeWrap\"> <div class=\"cbp-l-caption-alignLeft\"> <div class=\"cbp-l-caption-body\"> <div class=\"cbp-l-caption-title\">CARLOS LE\u00d3N \u2013 Fundaci\u00f3n Arte y Mecenazgo<\/div> <div class=\"cbp-l-caption-desc\"> <\/div> <\/div> <\/div> <\/div> <\/a> <\/div><div class=\"des-project cbp-item videocorporativo container\"> <a href=\"\/\/www.vimeo.com\/115249013\" class=\"cbp-caption cbp-lightbox\" data-title=\"CAIXAFORUM ZARAGOZA \u2013 Obra Social \u201cla Caixa \"> <div class=\"cbp-caption-defaultWrap\"> <img decoding=\"async\" src=\"\/\/www.framezero.es\/wp-content\/uploads\/2017\/06\/cosmocaixa2.jpg\" alt=\"\" width=\"100%\"> <\/div> <div class=\"cbp-caption-activeWrap\"> <div class=\"cbp-l-caption-alignLeft\"> <div class=\"cbp-l-caption-body\"> <div class=\"cbp-l-caption-title\">CAIXAFORUM ZARAGOZA \u2013 Obra Social \u201cla Caixa<\/div> <div class=\"cbp-l-caption-desc\"> <\/div> <\/div> <\/div> <\/div> <\/a> <\/div><div class=\"des-project cbp-item motiongraphics container\"> <a href=\"\/\/www.vimeo.com\/226129882\" class=\"cbp-caption cbp-lightbox\" data-title=\"RELATOS CORTOS \u2013 Obra Social \u201cla Caixa\u201d \"> <div class=\"cbp-caption-defaultWrap\"> <img decoding=\"async\" src=\"\/\/www.framezero.es\/wp-content\/uploads\/2017\/07\/RELATOS.jpg\" alt=\"\" width=\"100%\"> <\/div> <div class=\"cbp-caption-activeWrap\"> <div class=\"cbp-l-caption-alignLeft\"> <div class=\"cbp-l-caption-body\"> <div class=\"cbp-l-caption-title\">RELATOS CORTOS \u2013 Obra Social \u201cla Caixa\u201d<\/div> <div class=\"cbp-l-caption-desc\"> <\/div> <\/div> <\/div> <\/div> <\/a> <\/div><div class=\"des-project cbp-item videocorporativo container\"> <a href=\"\/\/www.vimeo.com\/209728779\" class=\"cbp-caption cbp-lightbox\" data-title=\"38\u00aa CURSA \u2013 El Corte Ingl\u00e9s \"> <div class=\"cbp-caption-defaultWrap\"> <img decoding=\"async\" src=\"\/\/www.framezero.es\/wp-content\/uploads\/2017\/07\/38cursa.jpg\" alt=\"\" width=\"100%\"> <\/div> <div class=\"cbp-caption-activeWrap\"> <div class=\"cbp-l-caption-alignLeft\"> <div class=\"cbp-l-caption-body\"> <div class=\"cbp-l-caption-title\">38\u00aa CURSA \u2013 El Corte Ingl\u00e9s<\/div> <div class=\"cbp-l-caption-desc\"> <\/div> <\/div> <\/div> <\/div> <\/a> <\/div><div class=\"des-project cbp-item motiongraphics container\"> <a href=\"\/\/www.vimeo.com\/226128863\" class=\"cbp-caption cbp-lightbox\" data-title=\"PROGRAMA DE AYUDAS A PROYECTOS DE INICIATIVAS SOCIALES \u2013 Obra Social \u201cla Caixa\u201d \"> <div class=\"cbp-caption-defaultWrap\"> <img decoding=\"async\" src=\"\/\/www.framezero.es\/wp-content\/uploads\/2017\/07\/iniciativas.jpg\" alt=\"\" width=\"100%\"> <\/div> <div class=\"cbp-caption-activeWrap\"> <div class=\"cbp-l-caption-alignLeft\"> <div class=\"cbp-l-caption-body\"> <div class=\"cbp-l-caption-title\">PROGRAMA DE AYUDAS A PROYECTOS DE INICIATIVAS SOCIALES \u2013 Obra Social \u201cla Caixa\u201d<\/div> <div class=\"cbp-l-caption-desc\"> <\/div> <\/div> <\/div> <\/div> <\/a> <\/div><div class=\"des-project cbp-item videocorporativo container\"> <a href=\"\/\/www.vimeo.com\/209727294\" class=\"cbp-caption cbp-lightbox\" data-title=\"PERSONAS QUE INSPIRAR \u2013 Fundaci\u00f3n bancaria \u201cla Caixa\u201d \"> <div class=\"cbp-caption-defaultWrap\"> <img decoding=\"async\" src=\"\/\/www.framezero.es\/wp-content\/uploads\/2017\/06\/Bearios.jpg\" alt=\"\" width=\"100%\"> <\/div> <div class=\"cbp-caption-activeWrap\"> <div class=\"cbp-l-caption-alignLeft\"> <div class=\"cbp-l-caption-body\"> <div class=\"cbp-l-caption-title\">PERSONAS QUE INSPIRAR \u2013 Fundaci\u00f3n bancaria \u201cla Caixa\u201d<\/div> <div class=\"cbp-l-caption-desc\"> <\/div> <\/div> <\/div> <\/div> <\/a> <\/div><div class=\"des-project cbp-item videocorporativo container\"> <a href=\"\/\/www.vimeo.com\/209589282\" class=\"cbp-caption cbp-lightbox\" data-title=\"MOVIMIENTO \u2013 Cosmocaixa \"> <div class=\"cbp-caption-defaultWrap\"> <img decoding=\"async\" src=\"\/\/www.framezero.es\/wp-content\/uploads\/2017\/06\/cosmocaixa.jpg\" alt=\"\" width=\"100%\"> <\/div> <div class=\"cbp-caption-activeWrap\"> <div class=\"cbp-l-caption-alignLeft\"> <div class=\"cbp-l-caption-body\"> <div class=\"cbp-l-caption-title\">MOVIMIENTO \u2013 Cosmocaixa<\/div> <div class=\"cbp-l-caption-desc\"> <\/div> <\/div> <\/div> <\/div> <\/a> <\/div><div class=\"des-project cbp-item documental container\"> <a href=\"\/\/www.vimeo.com\/211290778\" class=\"cbp-caption cbp-lightbox\" data-title=\"CORREDORS DE FONS \"> <div class=\"cbp-caption-defaultWrap\"> <img decoding=\"async\" src=\"\/\/www.framezero.es\/wp-content\/uploads\/2017\/06\/corredors.jpg\" alt=\"\" width=\"100%\"> <\/div> <div class=\"cbp-caption-activeWrap\"> <div class=\"cbp-l-caption-alignLeft\"> <div class=\"cbp-l-caption-body\"> <div class=\"cbp-l-caption-title\">CORREDORS DE FONS<\/div> <div class=\"cbp-l-caption-desc\"> <\/div> <\/div> <\/div> <\/div> <\/a> <\/div><div class=\"des-project cbp-item documental container\"><a href=\"\/\/www.framezero.es\/portfolio\/la-ciguena-metalica_\/\" class=\"cbp-caption cbp-singlePage\" data-title=\"LA CIG\u00dcE\u00d1A MET\u00c1LICA\" data-cbp-selector=\"automatically\"><div class=\"cbp-caption-defaultWrap\"><img decoding=\"async\" src=\"\/\/www.framezero.es\/wp-content\/uploads\/2017\/06\/ciguena.jpg\" alt=\"\" width=\"100%\"><\/div><div class=\"cbp-caption-activeWrap\"><div class=\"cbp-l-caption-alignLeft\"><div class=\"cbp-l-caption-body\"><div class=\"cbp-l-caption-title\">LA CIG\u00dcE\u00d1A MET\u00c1LICA<\/div><div class=\"cbp-l-caption-desc\"> <\/div><\/div><\/div><\/div><\/a><\/div><div class=\"des-project cbp-item branding documental container\"><a href=\"\/\/www.framezero.es\/portfolio\/familia-no-nuclear_\/\" class=\"cbp-caption cbp-singlePage\" data-title=\"Familia no nuclear\" data-cbp-selector=\"automatically\"><div class=\"cbp-caption-defaultWrap\"><img decoding=\"async\" src=\"\/\/www.framezero.es\/wp-content\/uploads\/2017\/06\/familia.jpg\" alt=\"\" width=\"100%\"><\/div><div class=\"cbp-caption-activeWrap\"><div class=\"cbp-l-caption-alignLeft\"><div class=\"cbp-l-caption-body\"><div class=\"cbp-l-caption-title\">Familia no nuclear<\/div><div class=\"cbp-l-caption-desc\"> <\/div><\/div><\/div><\/div><\/a><\/div><\/div><\/div><\/div><\/div><script type=\"text\/javascript\">this.initCubePortfolio =  this.initCubePortfolio || []; this.initCubePortfolio.push({id: 115, options: {\"filters\":\"#cbpw-filters115\",\"loadMore\":\"\",\"loadMoreAction\":\"click\",\"search\":\"\",\"layoutMode\":\"grid\",\"sortToPreventGaps\":false,\"drag\":true,\"auto\":false,\"autoTimeout\":5000,\"autoPauseOnHover\":true,\"showNavigation\":true,\"showPagination\":true,\"rewindNav\":true,\"scrollByPage\":false,\"defaultFilter\":\"*\",\"filterDeeplinking\":false,\"animationType\":\"sequentially\",\"gridAdjustment\":\"responsive\",\"mediaQueries\":[{\"width\":1400,\"cols\":3},{\"width\":1170,\"cols\":3},{\"width\":1024,\"cols\":3},{\"width\":960,\"cols\":3},{\"width\":778,\"cols\":2},{\"width\":640,\"cols\":2},{\"width\":480,\"cols\":1}],\"gapHorizontal\":30,\"gapVertical\":30,\"caption\":\"zoom\",\"displayType\":\"lazyLoading\",\"displayTypeSpeed\":500,\"lightboxDelegate\":\".cbp-lightbox\",\"lightboxGallery\":true,\"lightboxTitleSrc\":\"data-title\",\"lightboxCounter\":\"<div class=\\\"cbp-popup-lightbox-counter\\\">{{current}} of {{total}}<\/div>\",\"singlePageDelegate\":\".cbp-singlePage\",\"singlePageDeeplinking\":true,\"singlePageStickyNavigation\":true,\"singlePageCounter\":\"<div class=\\\"cbp-popup-singlePage-counter\\\">{{current}} of {{total}}<\/div>\",\"singlePageAnimation\":\"middle\",\"singlePageInlineDelegate\":\".cbp-singlePageInline\",\"singlePageInlineDeeplinking\":false,\"singlePageInlinePosition\":\"above\",\"singlePageInlineInFocus\":true,\"plugins\":{},\"cols\":3,\"displayItemsLoadMore\":3,\"coverRatio\":\"\"}});<\/script>[\/vc_column_inner][\/vc_row_inner][\/vc_column][\/vc_row][vc_row css_animation=&#8221;fadeInUpShort&#8221;][vc_column][vc_empty_space height=&#8221;10px&#8221;][\/vc_column][\/vc_row]<\/p>\n<\/div>","protected":false},"excerpt":{"rendered":"<p>[vc_row][vc_column][\/vc_column][\/vc_row][vc_row css_animation=&#8221;fadeInUpShort&#8221;][vc_column][vc_custom_heading text=&#8221;WORKS&#8221; font_container=&#8221;tag:h3|text_align:center&#8221; use_theme_fonts=&#8221;yes&#8221;][vc_row_inner][vc_column_inner width=&#8221;1\/6&#8243;][\/vc_column_inner][vc_column_inner width=&#8221;2\/3&#8243;][vc_custom_heading text=&#8221;&#8221; font_container=&#8221;tag:p|text_align:center&#8221; use_theme_fonts=&#8221;yes&#8221; css=&#8221;.vc_custom_1710349135531{margin-top: -10px !important;}&#8221;][\/vc_column_inner][vc_column_inner width=&#8221;1\/6&#8243;][\/vc_column_inner][\/vc_row_inner][vc_empty_space height=&#8221;50px&#8221;][\/vc_column][\/vc_row][vc_row css_animation=&#8221;fadeIn&#8221;][vc_column][vc_row_inner][vc_column_inner][\/vc_column_inner][\/vc_row_inner][\/vc_column][\/vc_row][vc_row css_animation=&#8221;fadeInUpShort&#8221;][vc_column][vc_empty_space height=&#8221;10px&#8221;][\/vc_column][\/vc_row]<\/p>\n","protected":false},"author":1,"featured_media":0,"parent":0,"menu_order":0,"comment_status":"closed","ping_status":"closed","template":"one-page-template.php","meta":{"footnotes":""},"_links":{"self":[{"href":"https:\/\/www.framezero.es\/en\/wp-json\/wp\/v2\/pages\/5752"}],"collection":[{"href":"https:\/\/www.framezero.es\/en\/wp-json\/wp\/v2\/pages"}],"about":[{"href":"https:\/\/www.framezero.es\/en\/wp-json\/wp\/v2\/types\/page"}],"author":[{"embeddable":true,"href":"https:\/\/www.framezero.es\/en\/wp-json\/wp\/v2\/users\/1"}],"replies":[{"embeddable":true,"href":"https:\/\/www.framezero.es\/en\/wp-json\/wp\/v2\/comments?post=5752"}],"version-history":[{"count":1,"href":"https:\/\/www.framezero.es\/en\/wp-json\/wp\/v2\/pages\/5752\/revisions"}],"predecessor-version":[{"id":5829,"href":"https:\/\/www.framezero.es\/en\/wp-json\/wp\/v2\/pages\/5752\/revisions\/5829"}],"wp:attachment":[{"href":"https:\/\/www.framezero.es\/en\/wp-json\/wp\/v2\/media?parent=5752"}],"curies":[{"name":"wp","href":"https:\/\/api.w.org\/{rel}","templated":true}]}}